{"id":15621,"date":"2026-02-24T08:43:52","date_gmt":"2026-02-24T08:43:52","guid":{"rendered":"https:\/\/hayalindekisite.com\/kolaytadilat\/?page_id=15621"},"modified":"2026-02-25T08:36:28","modified_gmt":"2026-02-25T08:36:28","slug":"hizmetler","status":"publish","type":"page","link":"https:\/\/kolaytadilat.com\/en\/hizmetler\/","title":{"rendered":"Hizmetler"},"content":{"rendered":"<div data-elementor-type=\"wp-page\" data-elementor-id=\"15621\" class=\"elementor elementor-15621\">\n\t\t\t\t<div class=\"wd-negative-gap elementor-element elementor-element-6688124 e-flex e-con-boxed e-con e-parent\" data-id=\"6688124\" data-element_type=\"container\" data-e-type=\"container\">\n\t\t\t\t\t<div class=\"e-con-inner\">\n\t\t<div class=\"elementor-element elementor-element-ac53c56 e-con-full e-flex e-con e-child\" data-id=\"ac53c56\" data-element_type=\"container\" data-e-type=\"container\">\n\t\t\t\t<div class=\"elementor-element elementor-element-92f82cb wd-width-100 elementor-widget elementor-widget-wd_title\" data-id=\"92f82cb\" data-element_type=\"widget\" data-e-type=\"widget\" data-widget_type=\"wd_title.default\">\n\t\t\t\t<div class=\"elementor-widget-container\">\n\t\t\t\t\t\t\t<div class=\"title-wrapper wd-set-mb reset-last-child wd-title-color-default wd-title-style-default wd-title-size-default text-left\">\n\n\t\t\t\n\t\t\t<div class=\"liner-continer\">\n\t\t\t\t<h4 class=\"woodmart-title-container title wd-fontsize-l\">Tadilat \u0130htiyac\u0131n\u0131 Se\u00e7, S\u00fcreci Kontrol Et<\/h4> \n\t\t\t\t\t\t\t<\/div>\n\n\t\t\t\t\t<\/div>\n\t\t\t\t\t\t<\/div>\n\t\t\t\t<\/div>\n\t\t\t\t<\/div>\n\t\t<div class=\"elementor-element elementor-element-40bcf7f e-con-full e-flex e-con e-child\" data-id=\"40bcf7f\" data-element_type=\"container\" data-e-type=\"container\">\n\t\t\t\t<div class=\"elementor-element elementor-element-54ea5b6 elementor-widget elementor-widget-wd_text_block\" data-id=\"54ea5b6\" data-element_type=\"widget\" data-e-type=\"widget\" data-widget_type=\"wd_text_block.default\">\n\t\t\t\t<div class=\"elementor-widget-container\">\n\t\t\t\t\t\t\t<div class=\"wd-text-block reset-last-child text-left\">\n\t\t\t\n\t\t\t<p>\u0130htiyac\u0131na uygun tadilat hizmetini se\u00e7, teklifleri incele ve t\u00fcm s\u00fcreci platformdan g\u00fcvenle y\u00f6net.<\/p>\n\t\t\t\t\t<\/div>\n\t\t\t\t\t\t<\/div>\n\t\t\t\t<\/div>\n\t\t\t\t<div class=\"elementor-element elementor-element-121627a elementor-widget__width-initial elementor-widget elementor-widget-wd_button\" data-id=\"121627a\" data-element_type=\"widget\" data-e-type=\"widget\" data-widget_type=\"wd_button.default\">\n\t\t\t\t<div class=\"elementor-widget-container\">\n\t\t\t\t\t\t\t<div class=\"wd-button-wrapper text-right\" >\n\t\t\t<a class=\"btn btn-style-default btn-shape-round btn-size-default btn-full-width btn-icon-pos-left\"  href=\"#\">\n\t\t\t\t<span class=\"wd-btn-text\" data-elementor-setting-key=\"text\">\n\t\t\t\t\tHizmet Se\u00e7\t\t\t\t<\/span>\n\n\t\t\t\t\t\t\t\t\t<span class=\"wd-btn-icon\">\n\t\t\t\t\t\t<svg class=\"wd-icon e-font-icon-svg e-far-check-circle\" viewbox=\"0 0 512 512\" xmlns=\"http:\/\/www.w3.org\/2000\/svg\"><path d=\"M256 8C119.033 8 8 119.033 8 256s111.033 248 248 248 248-111.033 248-248S392.967 8 256 8zm0 48c110.532 0 200 89.451 200 200 0 110.532-89.451 200-200 200-110.532 0-200-89.451-200-200 0-110.532 89.451-200 200-200m140.204 130.267l-22.536-22.718c-4.667-4.705-12.265-4.736-16.97-.068L215.346 303.697l-59.792-60.277c-4.667-4.705-12.265-4.736-16.97-.069l-22.719 22.536c-4.705 4.667-4.736 12.265-.068 16.971l90.781 91.516c4.667 4.705 12.265 4.736 16.97.068l172.589-171.204c4.704-4.668 4.734-12.266.067-16.971z\"><\/path><\/svg>\t\t\t\t\t<\/span>\n\t\t\t\t\t\t\t<\/a>\n\t\t<\/div>\n\t\t\t\t\t\t<\/div>\n\t\t\t\t<\/div>\n\t\t\t\t<\/div>\n\t\t\t\t\t<\/div>\n\t\t\t\t<\/div>\n\t\t<div class=\"wd-negative-gap elementor-element elementor-element-0f55957 e-flex e-con-boxed e-con e-parent\" data-id=\"0f55957\" data-element_type=\"container\" data-e-type=\"container\">\n\t\t\t\t\t<div class=\"e-con-inner\">\n\t\t<div class=\"elementor-element elementor-element-847df6f e-con-full e-flex e-con e-child\" data-id=\"847df6f\" data-element_type=\"container\" data-e-type=\"container\">\n\t\t\t\t<div class=\"elementor-element elementor-element-50ab34b e-transform elementor-widget elementor-widget-image\" data-id=\"50ab34b\" data-element_type=\"widget\" data-e-type=\"widget\" data-settings=\"{&quot;_transform_scale_effect_hover&quot;:{&quot;unit&quot;:&quot;px&quot;,&quot;size&quot;:1.05,&quot;sizes&quot;:[]},&quot;_transform_scale_effect_hover_tablet&quot;:{&quot;unit&quot;:&quot;px&quot;,&quot;size&quot;:&quot;&quot;,&quot;sizes&quot;:[]},&quot;_transform_scale_effect_hover_mobile&quot;:{&quot;unit&quot;:&quot;px&quot;,&quot;size&quot;:&quot;&quot;,&quot;sizes&quot;:[]}}\" data-widget_type=\"image.default\">\n\t\t\t\t\t\t\t\t\t\t\t\t\t\t\t<img loading=\"lazy\" decoding=\"async\" width=\"1053\" height=\"770\" src=\"https:\/\/kolaytadilat.com\/wp-content\/uploads\/2026\/02\/Kolay-Tadilat-Hizmetler-Sayfasi-Gorsel-1.webp\" class=\"attachment-full size-full wp-image-15762\" alt=\"\" srcset=\"https:\/\/kolaytadilat.com\/wp-content\/uploads\/2026\/02\/Kolay-Tadilat-Hizmetler-Sayfasi-Gorsel-1.webp 1053w, https:\/\/kolaytadilat.com\/wp-content\/uploads\/2026\/02\/Kolay-Tadilat-Hizmetler-Sayfasi-Gorsel-1-430x314.webp 430w, https:\/\/kolaytadilat.com\/wp-content\/uploads\/2026\/02\/Kolay-Tadilat-Hizmetler-Sayfasi-Gorsel-1-150x110.webp 150w, https:\/\/kolaytadilat.com\/wp-content\/uploads\/2026\/02\/Kolay-Tadilat-Hizmetler-Sayfasi-Gorsel-1-700x512.webp 700w, https:\/\/kolaytadilat.com\/wp-content\/uploads\/2026\/02\/Kolay-Tadilat-Hizmetler-Sayfasi-Gorsel-1-400x292.webp 400w, https:\/\/kolaytadilat.com\/wp-content\/uploads\/2026\/02\/Kolay-Tadilat-Hizmetler-Sayfasi-Gorsel-1-768x562.webp 768w\" sizes=\"auto, (max-width: 1053px) 100vw, 1053px\" \/>\t\t\t\t\t\t\t\t\t\t\t\t\t\t\t<\/div>\n\t\t\t\t<\/div>\n\t\t<div class=\"elementor-element elementor-element-bffd39a e-con-full e-transform e-flex e-con e-child\" data-id=\"bffd39a\" data-element_type=\"container\" data-e-type=\"container\" data-settings=\"{&quot;background_background&quot;:&quot;classic&quot;,&quot;_transform_scale_effect_hover&quot;:{&quot;unit&quot;:&quot;px&quot;,&quot;size&quot;:1.05,&quot;sizes&quot;:[]},&quot;_transform_scale_effect_hover_tablet&quot;:{&quot;unit&quot;:&quot;px&quot;,&quot;size&quot;:&quot;&quot;,&quot;sizes&quot;:[]},&quot;_transform_scale_effect_hover_mobile&quot;:{&quot;unit&quot;:&quot;px&quot;,&quot;size&quot;:&quot;&quot;,&quot;sizes&quot;:[]}}\">\n\t\t\t\t<div class=\"elementor-element elementor-element-fc3b319 wd-width-100 elementor-widget elementor-widget-wd_title\" data-id=\"fc3b319\" data-element_type=\"widget\" data-e-type=\"widget\" data-widget_type=\"wd_title.default\">\n\t\t\t\t<div class=\"elementor-widget-container\">\n\t\t\t\t\t\t\t<div class=\"title-wrapper wd-set-mb reset-last-child wd-title-color-white wd-title-style-default wd-title-size-large text-left\">\n\n\t\t\t\n\t\t\t<div class=\"liner-continer\">\n\t\t\t\t<h4 class=\"woodmart-title-container title wd-fontsize-xxl\">Onayl\u0131 <br \/>\nUzmanlar<\/h4> \n\t\t\t\t\t\t\t<\/div>\n\n\t\t\t\t\t<\/div>\n\t\t\t\t\t\t<\/div>\n\t\t\t\t<\/div>\n\t\t\t\t<div class=\"elementor-element elementor-element-b95d42a wd-width-100 elementor-widget elementor-widget-wd_title\" data-id=\"b95d42a\" data-element_type=\"widget\" data-e-type=\"widget\" data-widget_type=\"wd_title.default\">\n\t\t\t\t<div class=\"elementor-widget-container\">\n\t\t\t\t\t\t\t<div class=\"title-wrapper wd-set-mb reset-last-child wd-title-color-white wd-title-style-default wd-title-size-large text-left\">\n\n\t\t\t\n\t\t\t<div class=\"liner-continer\">\n\t\t\t\t<h4 class=\"woodmart-title-container title wd-fontsize-xxl\">9.500+<\/h4> \n\t\t\t\t\t\t\t<\/div>\n\n\t\t\t\t\t<\/div>\n\t\t\t\t\t\t<\/div>\n\t\t\t\t<\/div>\n\t\t\t\t<div class=\"elementor-element elementor-element-7989d04 elementor-widget elementor-widget-image\" data-id=\"7989d04\" data-element_type=\"widget\" data-e-type=\"widget\" data-widget_type=\"image.default\">\n\t\t\t\t\t\t\t\t\t\t\t\t\t\t\t<img loading=\"lazy\" decoding=\"async\" width=\"388\" height=\"120\" src=\"https:\/\/kolaytadilat.com\/wp-content\/uploads\/2026\/02\/Kolay-Tadilat-Hizmetler-Sayfasi-Avatar-Gorselleri-1-1.webp\" class=\"attachment-full size-full wp-image-15764\" alt=\"\" srcset=\"https:\/\/kolaytadilat.com\/wp-content\/uploads\/2026\/02\/Kolay-Tadilat-Hizmetler-Sayfasi-Avatar-Gorselleri-1-1.webp 388w, https:\/\/kolaytadilat.com\/wp-content\/uploads\/2026\/02\/Kolay-Tadilat-Hizmetler-Sayfasi-Avatar-Gorselleri-1-1-150x46.webp 150w\" sizes=\"auto, (max-width: 388px) 100vw, 388px\" \/>\t\t\t\t\t\t\t\t\t\t\t\t\t\t\t<\/div>\n\t\t\t\t<\/div>\n\t\t<div class=\"elementor-element elementor-element-a29aed5 e-con-full e-flex e-con e-child\" data-id=\"a29aed5\" data-element_type=\"container\" data-e-type=\"container\">\n\t\t\t\t<div class=\"elementor-element elementor-element-3d1e8f3 e-transform elementor-widget elementor-widget-image\" data-id=\"3d1e8f3\" data-element_type=\"widget\" data-e-type=\"widget\" data-settings=\"{&quot;_transform_scale_effect_hover&quot;:{&quot;unit&quot;:&quot;px&quot;,&quot;size&quot;:1.05,&quot;sizes&quot;:[]},&quot;_transform_scale_effect_hover_tablet&quot;:{&quot;unit&quot;:&quot;px&quot;,&quot;size&quot;:&quot;&quot;,&quot;sizes&quot;:[]},&quot;_transform_scale_effect_hover_mobile&quot;:{&quot;unit&quot;:&quot;px&quot;,&quot;size&quot;:&quot;&quot;,&quot;sizes&quot;:[]}}\" data-widget_type=\"image.default\">\n\t\t\t\t\t\t\t\t\t\t\t\t\t\t\t<img loading=\"lazy\" decoding=\"async\" width=\"875\" height=\"770\" src=\"https:\/\/kolaytadilat.com\/wp-content\/uploads\/2026\/02\/Kolay-Tadilat-Hizmetler-Sayfasi-Gorsel-2.webp\" class=\"attachment-full size-full wp-image-15761\" alt=\"\" srcset=\"https:\/\/kolaytadilat.com\/wp-content\/uploads\/2026\/02\/Kolay-Tadilat-Hizmetler-Sayfasi-Gorsel-2.webp 875w, https:\/\/kolaytadilat.com\/wp-content\/uploads\/2026\/02\/Kolay-Tadilat-Hizmetler-Sayfasi-Gorsel-2-430x378.webp 430w, https:\/\/kolaytadilat.com\/wp-content\/uploads\/2026\/02\/Kolay-Tadilat-Hizmetler-Sayfasi-Gorsel-2-150x132.webp 150w, https:\/\/kolaytadilat.com\/wp-content\/uploads\/2026\/02\/Kolay-Tadilat-Hizmetler-Sayfasi-Gorsel-2-700x616.webp 700w, https:\/\/kolaytadilat.com\/wp-content\/uploads\/2026\/02\/Kolay-Tadilat-Hizmetler-Sayfasi-Gorsel-2-341x300.webp 341w, https:\/\/kolaytadilat.com\/wp-content\/uploads\/2026\/02\/Kolay-Tadilat-Hizmetler-Sayfasi-Gorsel-2-768x676.webp 768w\" sizes=\"auto, (max-width: 875px) 100vw, 875px\" \/>\t\t\t\t\t\t\t\t\t\t\t\t\t\t\t<\/div>\n\t\t\t\t<\/div>\n\t\t\t\t\t<\/div>\n\t\t\t\t<\/div>\n\t\t<div class=\"wd-negative-gap elementor-element elementor-element-0ea2ce0 e-flex e-con-boxed e-con e-parent\" data-id=\"0ea2ce0\" data-element_type=\"container\" data-e-type=\"container\">\n\t\t\t\t\t<div class=\"e-con-inner\">\n\t\t\t\t<div class=\"elementor-element elementor-element-5cc465c wd-width-100 elementor-widget elementor-widget-wd_title\" data-id=\"5cc465c\" data-element_type=\"widget\" data-e-type=\"widget\" data-widget_type=\"wd_title.default\">\n\t\t\t\t<div class=\"elementor-widget-container\">\n\t\t\t\t\t\t\t<div class=\"title-wrapper wd-set-mb reset-last-child wd-title-color-default wd-title-style-default wd-title-size-default text-center\">\n\n\t\t\t\n\t\t\t<div class=\"liner-continer\">\n\t\t\t\t<h4 class=\"woodmart-title-container title wd-fontsize-l\">\u0130htiyac\u0131na Uygun Tadilat Hizmetini Se\u00e7<\/h4> \n\t\t\t\t\t\t\t<\/div>\n\n\t\t\t\t\t<\/div>\n\t\t\t\t\t\t<\/div>\n\t\t\t\t<\/div>\n\t\t\t\t<div class=\"elementor-element elementor-element-5f602af elementor-widget elementor-widget-wd_text_block\" data-id=\"5f602af\" data-element_type=\"widget\" data-e-type=\"widget\" data-widget_type=\"wd_text_block.default\">\n\t\t\t\t<div class=\"elementor-widget-container\">\n\t\t\t\t\t\t\t<div class=\"wd-text-block reset-last-child text-center\">\n\t\t\t\n\t\t\t<p>Ev, ofis ve teknik tadilat ihtiya\u00e7lar\u0131n i\u00e7in onayl\u0131 uzmanlar\u0131 ke\u015ffet, teklifleri kar\u015f\u0131la\u015ft\u0131r ve s\u00fcreci ba\u015f\u0131ndan sonuna g\u00fcvenle y\u00f6net.<\/p>\n\t\t\t\t\t<\/div>\n\t\t\t\t\t\t<\/div>\n\t\t\t\t<\/div>\n\t\t\t\t\t<\/div>\n\t\t\t\t<\/div>\n\t\t<div class=\"wd-negative-gap elementor-element elementor-element-2fbaedd e-flex e-con-boxed e-con e-parent\" data-id=\"2fbaedd\" data-element_type=\"container\" data-e-type=\"container\">\n\t\t\t\t\t<div class=\"e-con-inner\">\n\t\t\t\t<div class=\"elementor-element elementor-element-2d4f149 e-n-tabs-mobile elementor-widget elementor-widget-n-tabs\" data-id=\"2d4f149\" data-element_type=\"widget\" data-e-type=\"widget\" data-settings=\"{&quot;horizontal_scroll&quot;:&quot;disable&quot;}\" data-widget_type=\"nested-tabs.default\">\n\t\t\t\t\t\t\t<div class=\"e-n-tabs\" data-widget-number=\"47509833\" aria-label=\"Sekmeler. Enter ve Space ile \u00f6geleri a\u00e7abilir, Escape ile \u00f6geleri kapatabilir ve Y\u00f6n tu\u015flar\u0131 ile \u00f6geler aras\u0131nda gezinebilirsiniz.\">\n\t\t\t<div class=\"e-n-tabs-heading\" role=\"tablist\">\n\t\t\t\t\t<button id=\"e-n-tab-title-475098331\" data-tab-title-id=\"e-n-tab-title-475098331\" class=\"e-n-tab-title\" aria-selected=\"true\" data-tab-index=\"1\" role=\"tab\" tabindex=\"0\" aria-controls=\"e-n-tab-content-475098331\" style=\"--n-tabs-title-order: 1;\">\n\t\t\t\t\t\t<span class=\"e-n-tab-title-text\">\n\t\t\t\tSekme #1\t\t\t<\/span>\n\t\t<\/button>\n\t\t\t\t<button id=\"e-n-tab-title-475098332\" data-tab-title-id=\"e-n-tab-title-475098332\" class=\"e-n-tab-title\" aria-selected=\"false\" data-tab-index=\"2\" role=\"tab\" tabindex=\"-1\" aria-controls=\"e-n-tab-content-475098332\" style=\"--n-tabs-title-order: 2;\">\n\t\t\t\t\t\t<span class=\"e-n-tab-title-text\">\n\t\t\t\tSekme #2\t\t\t<\/span>\n\t\t<\/button>\n\t\t\t\t<button id=\"e-n-tab-title-475098333\" data-tab-title-id=\"e-n-tab-title-475098333\" class=\"e-n-tab-title\" aria-selected=\"false\" data-tab-index=\"3\" role=\"tab\" tabindex=\"-1\" aria-controls=\"e-n-tab-content-475098333\" style=\"--n-tabs-title-order: 3;\">\n\t\t\t\t\t\t<span class=\"e-n-tab-title-text\">\n\t\t\t\tSekme #3\t\t\t<\/span>\n\t\t<\/button>\n\t\t\t\t\t<\/div>\n\t\t\t<div class=\"e-n-tabs-content\">\n\t\t\t\t<div id=\"e-n-tab-content-475098331\" role=\"tabpanel\" aria-labelledby=\"e-n-tab-title-475098331\" data-tab-index=\"1\" style=\"--n-tabs-title-order: 1;\" class=\"e-active elementor-element elementor-element-1708fde e-con-full e-flex e-con e-child\" data-id=\"1708fde\" data-element_type=\"container\" data-e-type=\"container\">\n\t\t\t\t<\/div>\n\t\t<div id=\"e-n-tab-content-475098332\" role=\"tabpanel\" aria-labelledby=\"e-n-tab-title-475098332\" data-tab-index=\"2\" style=\"--n-tabs-title-order: 2;\" class=\"elementor-element elementor-element-30a72da e-con-full e-flex e-con e-child\" data-id=\"30a72da\" data-element_type=\"container\" data-e-type=\"container\">\n\t\t\t\t<\/div>\n\t\t<div id=\"e-n-tab-content-475098333\" role=\"tabpanel\" aria-labelledby=\"e-n-tab-title-475098333\" data-tab-index=\"3\" style=\"--n-tabs-title-order: 3;\" class=\"elementor-element elementor-element-b1585f5 e-con-full e-flex e-con e-child\" data-id=\"b1585f5\" data-element_type=\"container\" data-e-type=\"container\">\n\t\t\t\t<\/div>\n\t\t\t\t\t<\/div>\n\t\t<\/div>\n\t\t\t\t\t\t<\/div>\n\t\t\t\t\t<\/div>\n\t\t\t\t<\/div>\n\t\t\t\t<\/div>","protected":false},"excerpt":{"rendered":"<p>Tadilat \u0130htiyac\u0131n\u0131 Se\u00e7, S\u00fcreci Kontrol Et \u0130htiyac\u0131na uygun tadilat hizmetini se\u00e7, teklifleri incele ve t\u00fcm s\u00fcreci platformdan g\u00fcvenle y\u00f6net. Hizmet<\/p>","protected":false},"author":1,"featured_media":0,"parent":0,"menu_order":0,"comment_status":"closed","ping_status":"closed","template":"","meta":{"footnotes":""},"class_list":["post-15621","page","type-page","status-publish","hentry"],"_hostinger_reach_plugin_has_subscription_block":false,"_hostinger_reach_plugin_is_elementor":false,"_links":{"self":[{"href":"https:\/\/kolaytadilat.com\/en\/wp-json\/wp\/v2\/pages\/15621","targetHints":{"allow":["GET"]}}],"collection":[{"href":"https:\/\/kolaytadilat.com\/en\/wp-json\/wp\/v2\/pages"}],"about":[{"href":"https:\/\/kolaytadilat.com\/en\/wp-json\/wp\/v2\/types\/page"}],"author":[{"embeddable":true,"href":"https:\/\/kolaytadilat.com\/en\/wp-json\/wp\/v2\/users\/1"}],"replies":[{"embeddable":true,"href":"https:\/\/kolaytadilat.com\/en\/wp-json\/wp\/v2\/comments?post=15621"}],"version-history":[{"count":13,"href":"https:\/\/kolaytadilat.com\/en\/wp-json\/wp\/v2\/pages\/15621\/revisions"}],"predecessor-version":[{"id":15834,"href":"https:\/\/kolaytadilat.com\/en\/wp-json\/wp\/v2\/pages\/15621\/revisions\/15834"}],"wp:attachment":[{"href":"https:\/\/kolaytadilat.com\/en\/wp-json\/wp\/v2\/media?parent=15621"}],"curies":[{"name":"wp","href":"https:\/\/api.w.org\/{rel}","templated":true}]}}